{"id":271,"date":"2019-05-04T18:17:36","date_gmt":"2019-05-04T18:17:36","guid":{"rendered":"https:\/\/uhrengalerie.ch\/?page_id=271"},"modified":"2019-05-04T18:40:15","modified_gmt":"2019-05-04T18:40:15","slug":"a-propos-de-nous","status":"publish","type":"page","link":"https:\/\/uhrengalerie.ch\/fr\/a-propos-de-nous\/","title":{"rendered":"A propos de nous"},"content":{"rendered":"\t<section class=\"section\" id=\"section_517109147\">\n\t\t<div class=\"bg section-bg fill bg-fill  bg-loaded\" >\n\n\t\t\t\n\t\t\t\n\t\t\t\n\n\t\t<\/div>\n\n\t\t<div class=\"section-content relative\">\n\t\t\t\n<div class=\"slider-wrapper relative\" id=\"slider-543951643\" >\n    <div class=\"slider slider-nav-circle slider-nav-large slider-nav-light slider-style-normal\"\n        data-flickity-options='{\n            \"cellAlign\": \"center\",\n            \"imagesLoaded\": true,\n            \"lazyLoad\": 1,\n            \"freeScroll\": false,\n            \"wrapAround\": true,\n            \"autoPlay\": 6000,\n            \"pauseAutoPlayOnHover\" : true,\n            \"prevNextButtons\": true,\n            \"contain\" : true,\n            \"adaptiveHeight\" : true,\n            \"dragThreshold\" : 10,\n            \"percentPosition\": true,\n            \"pageDots\": true,\n            \"rightToLeft\": false,\n            \"draggable\": true,\n            \"selectedAttraction\": 0.1,\n            \"parallax\" : 0,\n            \"friction\": 0.6        }'\n        >\n        \n\t<div class=\"img has-hover x md-x lg-x y md-y lg-y\" id=\"image_211964615\">\n\t\t\t\t\t\t\t\t<div class=\"img-inner dark\" >\n\t\t\t<img width=\"1020\" height=\"410\" src=\"https:\/\/uhrengalerie.ch\/wp-content\/uploads\/2019\/05\/4k-wallpaper-architektur-bau-459203-1024x412.jpg\" class=\"attachment-large size-large\" alt=\"\" loading=\"lazy\" srcset=\"https:\/\/uhrengalerie.ch\/wp-content\/uploads\/2019\/05\/4k-wallpaper-architektur-bau-459203-1024x412.jpg 1024w, https:\/\/uhrengalerie.ch\/wp-content\/uploads\/2019\/05\/4k-wallpaper-architektur-bau-459203-300x121.jpg 300w, https:\/\/uhrengalerie.ch\/wp-content\/uploads\/2019\/05\/4k-wallpaper-architektur-bau-459203-768x309.jpg 768w, https:\/\/uhrengalerie.ch\/wp-content\/uploads\/2019\/05\/4k-wallpaper-architektur-bau-459203-600x242.jpg 600w, https:\/\/uhrengalerie.ch\/wp-content\/uploads\/2019\/05\/4k-wallpaper-architektur-bau-459203.jpg 1200w\" sizes=\"(max-width: 1020px) 100vw, 1020px\" \/>\t\t\t\t\t\t\n\t\t\t\t\t<\/div>\n\t\t\t\t\t\t\t\t\n<style>\n#image_211964615 {\n  width: 100%;\n}\n<\/style>\n\t<\/div>\n\t\n     <\/div>\n\n     <div class=\"loading-spin dark large centered\"><\/div>\n\n     \t<\/div>\n\n\n\t<div id=\"gap-1750781568\" class=\"gap-element clearfix\" style=\"display:block; height:auto;\">\n\t\t\n<style>\n#gap-1750781568 {\n  padding-top: 50px;\n}\n<\/style>\n\t<\/div>\n\t\n<div class=\"row align-center\"  id=\"row-1278256109\">\n\n\t<div id=\"col-178217506\" class=\"col medium-4 small-10 large-4\"  >\n\t\t<div class=\"col-inner\"  >\n\t\t\t\n\t\t\t\n<h1>A propos de nous<\/h1>\n<p>&nbsp;<\/p>\n\t\t<\/div>\n\t\t\n<style>\n#col-178217506 > .col-inner {\n  padding: 0px 40px 0px 0px;\n}\n<\/style>\n\t<\/div>\n\n\t\n\n\t<div id=\"col-1433090157\" class=\"col medium-8 small-10 large-8\"  >\n\t\t<div class=\"col-inner\"  >\n\t\t\t\n\t\t\t\n<p>Vous r\u00eaviez d&rsquo;une pi\u00e8ce d&rsquo;horlogerie unique ? Contactez-nous en toute confiance. Depuis 3 g\u00e9n\u00e9rations, nous vendons les plus belles montres et bijoux \u00e0 l&rsquo;enti\u00e8re satisfaction des acheteurs et vendeurs.<\/p>\n<p>Notre soci\u00e9t\u00e9 est sp\u00e9cialis\u00e9e dans le n\u00e9goce de montres de luxe de haute qualit\u00e9, Schuck et m\u00e9taux pr\u00e9cieux. Une montre-bracelet n&rsquo;est pas seulement un garde-temps, mais bien plus une \u0153uvre d&rsquo;art de la technologie, un t\u00e9moin de son \u00e9poque et de son esprit d&rsquo;\u00e9poque qui accompagne souvent toute votre vie. Nous vous aidons \u00e0 trouver la montre de vos r\u00eaves, en r\u00e9pondant \u00e0 vos souhaits individuels et en trouvant un garde-temps selon vos go\u00fbts.<\/p>\n<p>Acheter, c&rsquo;est faire confiance. Vendre signifie comp\u00e9tence et exp\u00e9rience. C&rsquo;est pourquoi notre philosophie d&rsquo;entreprise, des conseils s\u00e9rieux, un commerce orient\u00e9 vers le service et que vous \u00eates satisfait de votre achat\/vente sont nos priorit\u00e9s absolues. En raison de notre apparence, nous n&rsquo;avons re\u00e7u que des r\u00e9f\u00e9rences positives et nous avons pu constituer une base de clients solide.<\/p>\n<p>Nous atteignons notre objectif pour une bonne satisfaction du client par un traitement imm\u00e9diat des demandes re\u00e7ues, un commerce respectable et une ex\u00e9cution imm\u00e9diate de l&rsquo;exp\u00e9dition ou une pr\u00e9sence locale.<\/p>\n\t\t<\/div>\n\t\t\t<\/div>\n\n\t\n<\/div>\n<div class=\"row align-center\"  id=\"row-2095241819\">\n\n\t<div id=\"col-2028122332\" class=\"col medium-4 small-10 large-4\"  >\n\t\t<div class=\"col-inner\"  >\n\t\t\t\n\t\t\t\n\t\t<\/div>\n\t\t\n<style>\n#col-2028122332 > .col-inner {\n  padding: 0px 40px 0px 0px;\n}\n<\/style>\n\t<\/div>\n\n\t\n\n\t<div id=\"col-1546169524\" class=\"col medium-8 small-10 large-8\"  >\n\t\t<div class=\"col-inner\"  >\n\t\t\t\n\t\t\t\n\t\t<\/div>\n\t\t\t<\/div>\n\n\t\n<\/div>\n\t\t<\/div>\n\n\t\t\n<style>\n#section_517109147 {\n  padding-top: 20px;\n  padding-bottom: 20px;\n}\n<\/style>\n\t<\/section>\n\t\n","protected":false},"excerpt":{"rendered":"","protected":false},"author":2,"featured_media":0,"parent":0,"menu_order":0,"comment_status":"closed","ping_status":"closed","template":"","meta":[],"yoast_head":"<!-- This site is optimized with the Yoast SEO plugin v18.4.1 - https:\/\/yoast.com\/wordpress\/plugins\/seo\/ -->\n<title>A propos de nous - uhrengalerie.ch<\/title>\n<meta name=\"robots\" content=\"index, follow, max-snippet:-1, max-image-preview:large, max-video-preview:-1\" \/>\n<link rel=\"canonical\" href=\"https:\/\/uhrengalerie.ch\/fr\/a-propos-de-nous\/\" \/>\n<meta property=\"og:locale\" content=\"fr_FR\" \/>\n<meta property=\"og:type\" content=\"article\" \/>\n<meta property=\"og:title\" content=\"A propos de nous - uhrengalerie.ch\" \/>\n<meta property=\"og:url\" content=\"https:\/\/uhrengalerie.ch\/fr\/a-propos-de-nous\/\" \/>\n<meta property=\"og:site_name\" content=\"uhrengalerie.ch\" \/>\n<meta property=\"article:modified_time\" content=\"2019-05-04T18:40:15+00:00\" \/>\n<meta name=\"twitter:card\" content=\"summary_large_image\" \/>\n<meta name=\"twitter:label1\" content=\"Dur\u00e9e de lecture estim\u00e9e\" \/>\n\t<meta name=\"twitter:data1\" content=\"1 minute\" \/>\n<script type=\"application\/ld+json\" class=\"yoast-schema-graph\">{\"@context\":\"https:\/\/schema.org\",\"@graph\":[{\"@type\":\"Organization\",\"@id\":\"https:\/\/uhrengalerie.ch\/#organization\",\"name\":\"Uhrengalerie\",\"url\":\"https:\/\/uhrengalerie.ch\/\",\"sameAs\":[],\"logo\":{\"@type\":\"ImageObject\",\"@id\":\"https:\/\/uhrengalerie.ch\/#logo\",\"inLanguage\":\"fr-FR\",\"url\":\"https:\/\/uhrengalerie.ch\/wp-content\/uploads\/2019\/04\/UHRENGALERIE121.png\",\"contentUrl\":\"https:\/\/uhrengalerie.ch\/wp-content\/uploads\/2019\/04\/UHRENGALERIE121.png\",\"width\":500,\"height\":117,\"caption\":\"Uhrengalerie\"},\"image\":{\"@id\":\"https:\/\/uhrengalerie.ch\/#logo\"}},{\"@type\":\"WebSite\",\"@id\":\"https:\/\/uhrengalerie.ch\/#website\",\"url\":\"https:\/\/uhrengalerie.ch\/\",\"name\":\"uhrengalerie.ch\",\"description\":\"Ankauf von Gold, Uhren und Schmuck\",\"publisher\":{\"@id\":\"https:\/\/uhrengalerie.ch\/#organization\"},\"potentialAction\":[{\"@type\":\"SearchAction\",\"target\":{\"@type\":\"EntryPoint\",\"urlTemplate\":\"https:\/\/uhrengalerie.ch\/?s={search_term_string}\"},\"query-input\":\"required name=search_term_string\"}],\"inLanguage\":\"fr-FR\"},{\"@type\":\"WebPage\",\"@id\":\"https:\/\/uhrengalerie.ch\/fr\/a-propos-de-nous\/#webpage\",\"url\":\"https:\/\/uhrengalerie.ch\/fr\/a-propos-de-nous\/\",\"name\":\"A propos de nous - uhrengalerie.ch\",\"isPartOf\":{\"@id\":\"https:\/\/uhrengalerie.ch\/#website\"},\"datePublished\":\"2019-05-04T18:17:36+00:00\",\"dateModified\":\"2019-05-04T18:40:15+00:00\",\"breadcrumb\":{\"@id\":\"https:\/\/uhrengalerie.ch\/fr\/a-propos-de-nous\/#breadcrumb\"},\"inLanguage\":\"fr-FR\",\"potentialAction\":[{\"@type\":\"ReadAction\",\"target\":[\"https:\/\/uhrengalerie.ch\/fr\/a-propos-de-nous\/\"]}]},{\"@type\":\"BreadcrumbList\",\"@id\":\"https:\/\/uhrengalerie.ch\/fr\/a-propos-de-nous\/#breadcrumb\",\"itemListElement\":[{\"@type\":\"ListItem\",\"position\":1,\"name\":\"Startseite\",\"item\":\"https:\/\/uhrengalerie.ch\/fr\/\"},{\"@type\":\"ListItem\",\"position\":2,\"name\":\"A propos de nous\"}]}]}<\/script>\n<!-- \/ Yoast SEO plugin. -->","yoast_head_json":{"title":"A propos de nous - uhrengalerie.ch","robots":{"index":"index","follow":"follow","max-snippet":"max-snippet:-1","max-image-preview":"max-image-preview:large","max-video-preview":"max-video-preview:-1"},"canonical":"https:\/\/uhrengalerie.ch\/fr\/a-propos-de-nous\/","og_locale":"fr_FR","og_type":"article","og_title":"A propos de nous - uhrengalerie.ch","og_url":"https:\/\/uhrengalerie.ch\/fr\/a-propos-de-nous\/","og_site_name":"uhrengalerie.ch","article_modified_time":"2019-05-04T18:40:15+00:00","twitter_card":"summary_large_image","twitter_misc":{"Dur\u00e9e de lecture estim\u00e9e":"1 minute"},"schema":{"@context":"https:\/\/schema.org","@graph":[{"@type":"Organization","@id":"https:\/\/uhrengalerie.ch\/#organization","name":"Uhrengalerie","url":"https:\/\/uhrengalerie.ch\/","sameAs":[],"logo":{"@type":"ImageObject","@id":"https:\/\/uhrengalerie.ch\/#logo","inLanguage":"fr-FR","url":"https:\/\/uhrengalerie.ch\/wp-content\/uploads\/2019\/04\/UHRENGALERIE121.png","contentUrl":"https:\/\/uhrengalerie.ch\/wp-content\/uploads\/2019\/04\/UHRENGALERIE121.png","width":500,"height":117,"caption":"Uhrengalerie"},"image":{"@id":"https:\/\/uhrengalerie.ch\/#logo"}},{"@type":"WebSite","@id":"https:\/\/uhrengalerie.ch\/#website","url":"https:\/\/uhrengalerie.ch\/","name":"uhrengalerie.ch","description":"Ankauf von Gold, Uhren und Schmuck","publisher":{"@id":"https:\/\/uhrengalerie.ch\/#organization"},"potentialAction":[{"@type":"SearchAction","target":{"@type":"EntryPoint","urlTemplate":"https:\/\/uhrengalerie.ch\/?s={search_term_string}"},"query-input":"required name=search_term_string"}],"inLanguage":"fr-FR"},{"@type":"WebPage","@id":"https:\/\/uhrengalerie.ch\/fr\/a-propos-de-nous\/#webpage","url":"https:\/\/uhrengalerie.ch\/fr\/a-propos-de-nous\/","name":"A propos de nous - uhrengalerie.ch","isPartOf":{"@id":"https:\/\/uhrengalerie.ch\/#website"},"datePublished":"2019-05-04T18:17:36+00:00","dateModified":"2019-05-04T18:40:15+00:00","breadcrumb":{"@id":"https:\/\/uhrengalerie.ch\/fr\/a-propos-de-nous\/#breadcrumb"},"inLanguage":"fr-FR","potentialAction":[{"@type":"ReadAction","target":["https:\/\/uhrengalerie.ch\/fr\/a-propos-de-nous\/"]}]},{"@type":"BreadcrumbList","@id":"https:\/\/uhrengalerie.ch\/fr\/a-propos-de-nous\/#breadcrumb","itemListElement":[{"@type":"ListItem","position":1,"name":"Startseite","item":"https:\/\/uhrengalerie.ch\/fr\/"},{"@type":"ListItem","position":2,"name":"A propos de nous"}]}]}},"_links":{"self":[{"href":"https:\/\/uhrengalerie.ch\/fr\/wp-json\/wp\/v2\/pages\/271"}],"collection":[{"href":"https:\/\/uhrengalerie.ch\/fr\/wp-json\/wp\/v2\/pages"}],"about":[{"href":"https:\/\/uhrengalerie.ch\/fr\/wp-json\/wp\/v2\/types\/page"}],"author":[{"embeddable":true,"href":"https:\/\/uhrengalerie.ch\/fr\/wp-json\/wp\/v2\/users\/2"}],"replies":[{"embeddable":true,"href":"https:\/\/uhrengalerie.ch\/fr\/wp-json\/wp\/v2\/comments?post=271"}],"version-history":[{"count":3,"href":"https:\/\/uhrengalerie.ch\/fr\/wp-json\/wp\/v2\/pages\/271\/revisions"}],"predecessor-version":[{"id":278,"href":"https:\/\/uhrengalerie.ch\/fr\/wp-json\/wp\/v2\/pages\/271\/revisions\/278"}],"wp:attachment":[{"href":"https:\/\/uhrengalerie.ch\/fr\/wp-json\/wp\/v2\/media?parent=271"}],"curies":[{"name":"wp","href":"https:\/\/api.w.org\/{rel}","templated":true}]}}