{"id":291,"date":"2019-05-05T11:33:18","date_gmt":"2019-05-05T11:33:18","guid":{"rendered":"https:\/\/uhrengalerie.ch\/?page_id=291"},"modified":"2021-06-05T00:06:35","modified_gmt":"2021-06-05T00:06:35","slug":"achat","status":"publish","type":"page","link":"https:\/\/uhrengalerie.ch\/fr\/achat\/","title":{"rendered":"L&rsquo;achat"},"content":{"rendered":"\n  <div class=\"banner has-hover is-full-height has-parallax\" id=\"banner-2133436127\">\n          <div class=\"banner-inner fill\">\n        <div class=\"banner-bg fill\" data-parallax=\"-6\" data-parallax-container=\".banner\" data-parallax-background>\n            <div class=\"bg fill bg-fill \"><\/div>\n                                    \n                    <\/div>\n        <div class=\"banner-layers container\">\n            <div class=\"fill banner-link\"><\/div>            \n   <div id=\"text-box-620193307\" class=\"text-box banner-layer x50 md-x50 lg-x50 y50 md-y50 lg-y50 res-text\">\n                                <div class=\"text-box-content text dark\">\n              \n              <div class=\"text-inner text-center\">\n                  \n\t<div id=\"gap-1672207210\" class=\"gap-element clearfix\" style=\"display:block; height:auto;\">\n\t\t\n<style>\n#gap-1672207210 {\n  padding-top: 10px;\n}\n<\/style>\n\t<\/div>\n\t\n<h1 data-line-height=\"l\">\u00ab\u00a0L&rsquo;achat de produits de luxe est une question de confiance.\u00a0\u00bb<\/h1>\n              <\/div>\n           <\/div>\n                            \n<style>\n#text-box-620193307 {\n  width: 100%;\n}\n#text-box-620193307 .text-box-content {\n  font-size: 100%;\n}\n@media (min-width:550px) {\n  #text-box-620193307 {\n    width: 60%;\n  }\n}\n<\/style>\n    <\/div>\n \n        <\/div>\n      <\/div>\n\n            \n<style>\n#banner-2133436127 {\n  padding-top: 560px;\n}\n#banner-2133436127 .bg.bg-loaded {\n  background-image: url(https:\/\/uhrengalerie.ch\/wp-content\/uploads\/2019\/05\/abenteuer-abenteurer-action-2225771-818x1024.jpg);\n}\n@media (min-width:550px) {\n  #banner-2133436127 {\n    padding-top: 100%;\n  }\n}\n<\/style>\n  <\/div>\n\n\n\n  <div class=\"banner has-hover\" id=\"banner-1991563175\">\n          <div class=\"banner-inner fill\">\n        <div class=\"banner-bg fill\" >\n            <div class=\"bg fill bg-fill \"><\/div>\n                                    \n                    <\/div>\n        <div class=\"banner-layers container\">\n            <div class=\"fill banner-link\"><\/div>            \n   <div id=\"text-box-1752640840\" class=\"text-box banner-layer x50 md-x50 lg-x50 y15 md-y15 lg-y15 res-text\">\n                                <div class=\"text-box-content text dark\">\n              \n              <div class=\"text-inner text-center\">\n                  \n<p>En ce qui concerne l&rsquo;\u00e9valuation et l&rsquo;achat de m\u00e9taux pr\u00e9cieux (pi\u00e8ces et barres), de bijoux, d&rsquo;argenterie et de montres de haute qualit\u00e9, vous \u00eates au bon endroit. Dans une atmosph\u00e8re agr\u00e9able, nous vous conseillons en d\u00e9tail, en toute confiance et avec comp\u00e9tence sur toutes les questions concernant l&rsquo;or, l&rsquo;argent, les montres et les bijoux. Appelez-nous et convainquez-vous personnellement &#8211; que ce soit avec un rendez-vous pr\u00e8s de chez vous ou tout simplement pendant nos heures d&rsquo;ouverture habituelles.<\/p>\n\t<div id=\"gap-173093354\" class=\"gap-element clearfix\" style=\"display:block; height:auto;\">\n\t\t\n<style>\n#gap-173093354 {\n  padding-top: 15px;\n}\n<\/style>\n\t<\/div>\n\t\n<h3><i class=\"fas fa-phone\">\u00a0\u00a0\u00a0<\/i>079 108 1111<\/h3>\n              <\/div>\n           <\/div>\n                            \n<style>\n#text-box-1752640840 {\n  width: 53%;\n}\n#text-box-1752640840 .text-box-content {\n  font-size: 100%;\n}\n<\/style>\n    <\/div>\n \n        <\/div>\n      <\/div>\n\n            \n<style>\n#banner-1991563175 {\n  padding-top: 450px;\n  background-color: rgba(200, 169, 93, 0.98);\n}\n<\/style>\n  <\/div>\n\n\n\t<section class=\"section\" id=\"section_1958798959\">\n\t\t<div class=\"bg section-bg fill bg-fill  bg-loaded\" >\n\n\t\t\t\n\t\t\t\n\t\t\t\n\n\t\t<\/div>\n\n\t\t<div class=\"section-content relative\">\n\t\t\t\n<div class=\"row align-center\"  id=\"row-1925960937\">\n\n\t<div id=\"col-1685077\" class=\"col medium-6 small-12 large-6\"  >\n\t\t<div class=\"col-inner text-center\"  >\n\t\t\t\n\t\t\t\n<h2 class=\"uppercase\"><span style=\"font-size: 105%;\">Top Service<\/span><\/h2>\n<h2 class=\"uppercase\"><span style=\"font-size: 105%;\">DEPUIS 3 G\u00c9N\u00c9RATIONS<\/span><\/h2>\n\t\t<\/div>\n\t\t\t<\/div>\n\n\t\n<\/div>\n<div class=\"row align-center\" style=\"max-width:900px\" id=\"row-1793928023\">\n\n\t<div id=\"col-1491001265\" class=\"col medium-6 small-11 large-6\"  >\n\t\t<div class=\"col-inner text-left\"  >\n\t\t\t\n\t\t\t\n<h3 class=\"uppercase\"><span style=\"color: #c8a95d;\">CONSULTATION 24 HEURES <\/span><\/h3>\n<p>Appelez le num\u00e9ro de service 079 108 1111 et demandez conseil \u00e0 des experts reconnus.<\/p>\n\t\t<\/div>\n\t\t\n<style>\n#col-1491001265 > .col-inner {\n  padding: 0px 10px 0px 35px;\n}\n<\/style>\n\t<\/div>\n\n\t\n\n\t<div id=\"col-886048128\" class=\"col medium-6 small-11 large-6\"  >\n\t\t<div class=\"col-inner text-left\"  >\n\t\t\t\n\t\t\t\n<h3 class=\"uppercase\"><span style=\"color: #c8a95d;\">OPINIONS D&rsquo;EXPERTS LIBRES<\/span><\/h3>\n<p>Plus de 18000 clients satisfaits ne peuvent se tromper. Laissez-nous examiner et \u00e9valuer gratuitement vos objets de valeur.<\/p>\n\t\t<\/div>\n\t\t\n<style>\n#col-886048128 > .col-inner {\n  padding: 0px 10px 0px 35px;\n}\n<\/style>\n\t<\/div>\n\n\t\n<\/div>\n<div class=\"row align-center\" style=\"max-width:900px\" id=\"row-225733715\">\n\n\t<div id=\"col-1864438143\" class=\"col medium-6 small-11 large-6\"  >\n\t\t<div class=\"col-inner text-left\"  >\n\t\t\t\n\t\t\t\n<h3 class=\"uppercase\"><span style=\"color: #c8a95d;\">D\u00c9VELOPPEMENT DES ACHATS<\/span><\/h3>\n<p>Wir bieten Ihnen pers\u00f6nliche Treffen, Hausbesuche, Treffen nach Wahl, Verkauf \u00fcber den Postweg, Abholungen, oder anfragen per Mail oder Telefon.<\/p>\n\t\t<\/div>\n\t\t\n<style>\n#col-1864438143 > .col-inner {\n  padding: 0px 10px 0px 35px;\n}\n<\/style>\n\t<\/div>\n\n\t\n\n\t<div id=\"col-446659138\" class=\"col medium-6 small-11 large-6\"  >\n\t\t<div class=\"col-inner text-left\"  >\n\t\t\t\n\t\t\t\n<h3 class=\"uppercase\"><span style=\"color: #c8a95d;\">100% Garantie<\/span><\/h3>\n<p>Nous offrons des rencontres personnelles, des visites \u00e0 domicile, des rencontres de votre choix, des ventes par la poste, des cueillettes ou des demandes de renseignements par la poste ou par t\u00e9l\u00e9phone.<\/p>\n\t\t<\/div>\n\t\t\n<style>\n#col-446659138 > .col-inner {\n  padding: 0px 10px 0px 35px;\n}\n<\/style>\n\t<\/div>\n\n\t\n<\/div>\n\t\t<\/div>\n\n\t\t\n<style>\n#section_1958798959 {\n  padding-top: 70px;\n  padding-bottom: 70px;\n  background-color: rgb(242, 242, 242);\n}\n<\/style>\n\t<\/section>\n\t\n\n  <div class=\"banner has-hover\" id=\"banner-1092008094\">\n          <div class=\"banner-inner fill\">\n        <div class=\"banner-bg fill\" >\n            <div class=\"bg fill bg-fill \"><\/div>\n                                    \n                    <\/div>\n        <div class=\"banner-layers container\">\n            <div class=\"fill banner-link\"><\/div>            \n   <div id=\"text-box-419864538\" class=\"text-box banner-layer x50 md-x50 lg-x50 y50 md-y50 lg-y50 res-text\">\n                                <div class=\"text-box-content text dark\">\n              \n              <div class=\"text-inner text-center\">\n                  \n\t<div id=\"gap-1436380094\" class=\"gap-element clearfix\" style=\"display:block; height:auto;\">\n\t\t\n<style>\n#gap-1436380094 {\n  padding-top: 10px;\n}\n<\/style>\n\t<\/div>\n\t\n<h2><span style=\"font-size: 85%;\"><strong>\u00c9volution du prix de l&rsquo;or<\/strong><\/span><\/h2>\n\t<div id=\"gap-681335480\" class=\"gap-element clearfix\" style=\"display:block; height:auto;\">\n\t\t\n<style>\n#gap-681335480 {\n  padding-top: 10px;\n}\n<\/style>\n\t<\/div>\n\t\n              <\/div>\n           <\/div>\n                            \n<style>\n#text-box-419864538 {\n  width: 60%;\n}\n#text-box-419864538 .text-box-content {\n  font-size: 100%;\n}\n<\/style>\n    <\/div>\n \n        <\/div>\n      <\/div>\n\n            \n<style>\n#banner-1092008094 {\n  padding-top: 200px;\n  background-color: rgb(61, 113, 115);\n}\n@media (min-width:550px) {\n  #banner-1092008094 {\n    padding-top: 300px;\n  }\n}\n<\/style>\n  <\/div>\n\n\n\n  <div class=\"banner has-hover is-full-height\" id=\"banner-1142847532\">\n          <div class=\"banner-inner fill\">\n        <div class=\"banner-bg fill\" >\n            <div class=\"bg fill bg-fill \"><\/div>\n                                    \n                    <\/div>\n        <div class=\"banner-layers container\">\n            <div class=\"fill banner-link\"><\/div>            \n   <div id=\"text-box-643316382\" class=\"text-box banner-layer x50 md-x50 lg-x50 y50 md-y50 lg-y50 res-text\">\n                                <div class=\"text-box-content text dark\">\n              \n              <div class=\"text-inner text-center\">\n                  \n<p><iframe loading=\"lazy\" style=\"border: 0; overflow: hidden;\" src=\"https:\/\/www.goldbroker.com\/widget\/iframe\/historical\/XAU\/500?currency=USD\" width=\"100%\" height=\"500\"><\/iframe><br \/>\nHistorical Gold Chart by <a href=\"https:\/\/www.goldbroker.com\">GoldBroker.com<\/a><\/p>\n              <\/div>\n           <\/div>\n                            \n<style>\n#text-box-643316382 {\n  width: 100%;\n}\n#text-box-643316382 .text-box-content {\n  font-size: 343%;\n}\n<\/style>\n    <\/div>\n \n        <\/div>\n      <\/div>\n\n            \n<style>\n#banner-1142847532 {\n  padding-top: 400px;\n  background-color: rgb(255,255,255);\n}\n@media (min-width:550px) {\n  #banner-1142847532 {\n    padding-top: 100%;\n  }\n}\n<\/style>\n  <\/div>\n\n\n\t<section class=\"section\" id=\"section_2133895029\">\n\t\t<div class=\"bg section-bg fill bg-fill  bg-loaded\" >\n\n\t\t\t\n\t\t\t\n\t\t\t\n\n\t\t<\/div>\n\n\t\t<div class=\"section-content relative\">\n\t\t\t\n<div class=\"row align-center\"  id=\"row-1934432822\">\n\n\t<div id=\"col-1028443885\" class=\"col medium-6 small-12 large-6\"  >\n\t\t<div class=\"col-inner text-center\"  >\n\t\t\t\n\t\t\t\n\t<div id=\"gap-355136572\" class=\"gap-element clearfix\" style=\"display:block; height:auto;\">\n\t\t\n<style>\n#gap-355136572 {\n  padding-top: 30px;\n}\n<\/style>\n\t<\/div>\n\t\n<h2><span style=\"color: #b8b8b8;\">Follow us on social media<\/span><\/h2>\n<div class=\"social-icons follow-icons\" ><a href=\"x\" target=\"_blank\" data-label=\"Facebook\"  rel=\"noopener noreferrer nofollow\" class=\"icon button circle is-outline facebook tooltip\" title=\"Nous suivre sur Facebook\"><i class=\"icon-facebook\" ><\/i><\/a><a href=\"x\" target=\"_blank\" rel=\"noopener noreferrer nofollow\" data-label=\"Instagram\" class=\"icon button circle is-outline  instagram tooltip\" title=\"Nous suivre sur Instagram\"><i class=\"icon-instagram\" ><\/i><\/a><a href=\"x\" target=\"_blank\"  data-label=\"Twitter\"  rel=\"noopener noreferrer nofollow\" class=\"icon button circle is-outline  twitter tooltip\" title=\"Nous suivre sur Twitter\"><i class=\"icon-twitter\" ><\/i><\/a><a href=\"mailto:x\" data-label=\"E-mail\"  rel=\"nofollow\" class=\"icon button circle is-outline  email tooltip\" title=\"Nous envoyer un email\"><i class=\"icon-envelop\" ><\/i><\/a><a href=\"x\" target=\"_blank\" rel=\"noopener noreferrer nofollow\" data-label=\"LinkedIn\" class=\"icon button circle is-outline  linkedin tooltip\" title=\"Follow on LinkedIn\"><i class=\"icon-linkedin\" ><\/i><\/a><\/div>\n\t\t<\/div>\n\t\t\t<\/div>\n\n\t\n<\/div>\n\t\t<\/div>\n\n\t\t\n<style>\n#section_2133895029 {\n  padding-top: 30px;\n  padding-bottom: 30px;\n  background-color: rgb(255,255,255);\n}\n<\/style>\n\t<\/section>\n\t\n","protected":false},"excerpt":{"rendered":"","protected":false},"author":2,"featured_media":0,"parent":0,"menu_order":0,"comment_status":"closed","ping_status":"closed","template":"","meta":[],"yoast_head":"<!-- This site is optimized with the Yoast SEO plugin v18.4.1 - https:\/\/yoast.com\/wordpress\/plugins\/seo\/ -->\n<title>L&#039;achat - uhrengalerie.ch<\/title>\n<meta name=\"description\" content=\"Lorsqu&#039;il s&#039;agit d&#039;\u00e9valuer et d&#039;acheter des m\u00e9taux pr\u00e9cieux, des bijoux, de l&#039;argenterie et des montres de haute qualit\u00e9, vous \u00eates au bon endroit.\" \/>\n<meta name=\"robots\" content=\"index, follow, max-snippet:-1, max-image-preview:large, max-video-preview:-1\" \/>\n<link rel=\"canonical\" href=\"https:\/\/uhrengalerie.ch\/fr\/achat\/\" \/>\n<meta property=\"og:locale\" content=\"fr_FR\" \/>\n<meta property=\"og:type\" content=\"article\" \/>\n<meta property=\"og:title\" content=\"L&#039;achat - uhrengalerie.ch\" \/>\n<meta property=\"og:description\" content=\"Lorsqu&#039;il s&#039;agit d&#039;\u00e9valuer et d&#039;acheter des m\u00e9taux pr\u00e9cieux, des bijoux, de l&#039;argenterie et des montres de haute qualit\u00e9, vous \u00eates au bon endroit.\" \/>\n<meta property=\"og:url\" content=\"https:\/\/uhrengalerie.ch\/fr\/achat\/\" \/>\n<meta property=\"og:site_name\" content=\"uhrengalerie.ch\" \/>\n<meta property=\"article:modified_time\" content=\"2021-06-05T00:06:35+00:00\" \/>\n<meta name=\"twitter:card\" content=\"summary_large_image\" \/>\n<meta name=\"twitter:label1\" content=\"Dur\u00e9e de lecture estim\u00e9e\" \/>\n\t<meta name=\"twitter:data1\" content=\"2 minutes\" \/>\n<script type=\"application\/ld+json\" class=\"yoast-schema-graph\">{\"@context\":\"https:\/\/schema.org\",\"@graph\":[{\"@type\":\"Organization\",\"@id\":\"https:\/\/uhrengalerie.ch\/#organization\",\"name\":\"Uhrengalerie\",\"url\":\"https:\/\/uhrengalerie.ch\/\",\"sameAs\":[],\"logo\":{\"@type\":\"ImageObject\",\"@id\":\"https:\/\/uhrengalerie.ch\/#logo\",\"inLanguage\":\"fr-FR\",\"url\":\"https:\/\/uhrengalerie.ch\/wp-content\/uploads\/2019\/04\/UHRENGALERIE121.png\",\"contentUrl\":\"https:\/\/uhrengalerie.ch\/wp-content\/uploads\/2019\/04\/UHRENGALERIE121.png\",\"width\":500,\"height\":117,\"caption\":\"Uhrengalerie\"},\"image\":{\"@id\":\"https:\/\/uhrengalerie.ch\/#logo\"}},{\"@type\":\"WebSite\",\"@id\":\"https:\/\/uhrengalerie.ch\/#website\",\"url\":\"https:\/\/uhrengalerie.ch\/\",\"name\":\"uhrengalerie.ch\",\"description\":\"Ankauf von Gold, Uhren und Schmuck\",\"publisher\":{\"@id\":\"https:\/\/uhrengalerie.ch\/#organization\"},\"potentialAction\":[{\"@type\":\"SearchAction\",\"target\":{\"@type\":\"EntryPoint\",\"urlTemplate\":\"https:\/\/uhrengalerie.ch\/?s={search_term_string}\"},\"query-input\":\"required name=search_term_string\"}],\"inLanguage\":\"fr-FR\"},{\"@type\":\"WebPage\",\"@id\":\"https:\/\/uhrengalerie.ch\/fr\/achat\/#webpage\",\"url\":\"https:\/\/uhrengalerie.ch\/fr\/achat\/\",\"name\":\"L'achat - uhrengalerie.ch\",\"isPartOf\":{\"@id\":\"https:\/\/uhrengalerie.ch\/#website\"},\"datePublished\":\"2019-05-05T11:33:18+00:00\",\"dateModified\":\"2021-06-05T00:06:35+00:00\",\"description\":\"Lorsqu'il s'agit d'\u00e9valuer et d'acheter des m\u00e9taux pr\u00e9cieux, des bijoux, de l'argenterie et des montres de haute qualit\u00e9, vous \u00eates au bon endroit.\",\"breadcrumb\":{\"@id\":\"https:\/\/uhrengalerie.ch\/fr\/achat\/#breadcrumb\"},\"inLanguage\":\"fr-FR\",\"potentialAction\":[{\"@type\":\"ReadAction\",\"target\":[\"https:\/\/uhrengalerie.ch\/fr\/achat\/\"]}]},{\"@type\":\"BreadcrumbList\",\"@id\":\"https:\/\/uhrengalerie.ch\/fr\/achat\/#breadcrumb\",\"itemListElement\":[{\"@type\":\"ListItem\",\"position\":1,\"name\":\"Startseite\",\"item\":\"https:\/\/uhrengalerie.ch\/fr\/\"},{\"@type\":\"ListItem\",\"position\":2,\"name\":\"L&rsquo;achat\"}]}]}<\/script>\n<!-- \/ Yoast SEO plugin. -->","yoast_head_json":{"title":"L'achat - uhrengalerie.ch","description":"Lorsqu'il s'agit d'\u00e9valuer et d'acheter des m\u00e9taux pr\u00e9cieux, des bijoux, de l'argenterie et des montres de haute qualit\u00e9, vous \u00eates au bon endroit.","robots":{"index":"index","follow":"follow","max-snippet":"max-snippet:-1","max-image-preview":"max-image-preview:large","max-video-preview":"max-video-preview:-1"},"canonical":"https:\/\/uhrengalerie.ch\/fr\/achat\/","og_locale":"fr_FR","og_type":"article","og_title":"L'achat - uhrengalerie.ch","og_description":"Lorsqu'il s'agit d'\u00e9valuer et d'acheter des m\u00e9taux pr\u00e9cieux, des bijoux, de l'argenterie et des montres de haute qualit\u00e9, vous \u00eates au bon endroit.","og_url":"https:\/\/uhrengalerie.ch\/fr\/achat\/","og_site_name":"uhrengalerie.ch","article_modified_time":"2021-06-05T00:06:35+00:00","twitter_card":"summary_large_image","twitter_misc":{"Dur\u00e9e de lecture estim\u00e9e":"2 minutes"},"schema":{"@context":"https:\/\/schema.org","@graph":[{"@type":"Organization","@id":"https:\/\/uhrengalerie.ch\/#organization","name":"Uhrengalerie","url":"https:\/\/uhrengalerie.ch\/","sameAs":[],"logo":{"@type":"ImageObject","@id":"https:\/\/uhrengalerie.ch\/#logo","inLanguage":"fr-FR","url":"https:\/\/uhrengalerie.ch\/wp-content\/uploads\/2019\/04\/UHRENGALERIE121.png","contentUrl":"https:\/\/uhrengalerie.ch\/wp-content\/uploads\/2019\/04\/UHRENGALERIE121.png","width":500,"height":117,"caption":"Uhrengalerie"},"image":{"@id":"https:\/\/uhrengalerie.ch\/#logo"}},{"@type":"WebSite","@id":"https:\/\/uhrengalerie.ch\/#website","url":"https:\/\/uhrengalerie.ch\/","name":"uhrengalerie.ch","description":"Ankauf von Gold, Uhren und Schmuck","publisher":{"@id":"https:\/\/uhrengalerie.ch\/#organization"},"potentialAction":[{"@type":"SearchAction","target":{"@type":"EntryPoint","urlTemplate":"https:\/\/uhrengalerie.ch\/?s={search_term_string}"},"query-input":"required name=search_term_string"}],"inLanguage":"fr-FR"},{"@type":"WebPage","@id":"https:\/\/uhrengalerie.ch\/fr\/achat\/#webpage","url":"https:\/\/uhrengalerie.ch\/fr\/achat\/","name":"L'achat - uhrengalerie.ch","isPartOf":{"@id":"https:\/\/uhrengalerie.ch\/#website"},"datePublished":"2019-05-05T11:33:18+00:00","dateModified":"2021-06-05T00:06:35+00:00","description":"Lorsqu'il s'agit d'\u00e9valuer et d'acheter des m\u00e9taux pr\u00e9cieux, des bijoux, de l'argenterie et des montres de haute qualit\u00e9, vous \u00eates au bon endroit.","breadcrumb":{"@id":"https:\/\/uhrengalerie.ch\/fr\/achat\/#breadcrumb"},"inLanguage":"fr-FR","potentialAction":[{"@type":"ReadAction","target":["https:\/\/uhrengalerie.ch\/fr\/achat\/"]}]},{"@type":"BreadcrumbList","@id":"https:\/\/uhrengalerie.ch\/fr\/achat\/#breadcrumb","itemListElement":[{"@type":"ListItem","position":1,"name":"Startseite","item":"https:\/\/uhrengalerie.ch\/fr\/"},{"@type":"ListItem","position":2,"name":"L&rsquo;achat"}]}]}},"_links":{"self":[{"href":"https:\/\/uhrengalerie.ch\/fr\/wp-json\/wp\/v2\/pages\/291"}],"collection":[{"href":"https:\/\/uhrengalerie.ch\/fr\/wp-json\/wp\/v2\/pages"}],"about":[{"href":"https:\/\/uhrengalerie.ch\/fr\/wp-json\/wp\/v2\/types\/page"}],"author":[{"embeddable":true,"href":"https:\/\/uhrengalerie.ch\/fr\/wp-json\/wp\/v2\/users\/2"}],"replies":[{"embeddable":true,"href":"https:\/\/uhrengalerie.ch\/fr\/wp-json\/wp\/v2\/comments?post=291"}],"version-history":[{"count":6,"href":"https:\/\/uhrengalerie.ch\/fr\/wp-json\/wp\/v2\/pages\/291\/revisions"}],"predecessor-version":[{"id":967,"href":"https:\/\/uhrengalerie.ch\/fr\/wp-json\/wp\/v2\/pages\/291\/revisions\/967"}],"wp:attachment":[{"href":"https:\/\/uhrengalerie.ch\/fr\/wp-json\/wp\/v2\/media?parent=291"}],"curies":[{"name":"wp","href":"https:\/\/api.w.org\/{rel}","templated":true}]}}