{"id":687,"date":"2019-06-20T09:33:21","date_gmt":"2019-06-20T09:33:21","guid":{"rendered":"https:\/\/uhrengalerie.ch\/achat\/altgold-ankauf-sofortauszahlung\/"},"modified":"2019-07-04T19:54:09","modified_gmt":"2019-07-04T19:54:09","slug":"altgold-ankauf-sofortauszahlung","status":"publish","type":"page","link":"https:\/\/uhrengalerie.ch\/fr\/achat\/altgold-ankauf-sofortauszahlung\/","title":{"rendered":"Achat d&rsquo;or ancien &#8211; paiement imm\u00e9diat"},"content":{"rendered":"\n  <div class=\"banner has-hover\" id=\"banner-1226686408\">\n          <div class=\"banner-inner fill\">\n        <div class=\"banner-bg fill\" >\n            <div class=\"bg fill bg-fill \"><\/div>\n                        <div class=\"overlay\"><\/div>            \n                    <\/div>\n        <div class=\"banner-layers container\">\n            <div class=\"fill banner-link\"><\/div>            \n   <div id=\"text-box-2099492608\" class=\"text-box banner-layer x50 md-x50 lg-x50 y20 md-y15 lg-y20 res-text\">\n                                <div class=\"text-box-content text dark\">\n              \n              <div class=\"text-inner text-center\">\n                  \n\t<div id=\"gap-600239665\" class=\"gap-element clearfix\" style=\"display:block; height:auto;\">\n\t\t\n<style>\n#gap-600239665 {\n  padding-top: 7px;\n}\n<\/style>\n\t<\/div>\n\t\n              <\/div>\n           <\/div>\n                            \n<style>\n#text-box-2099492608 {\n  width: 68%;\n}\n#text-box-2099492608 .text-box-content {\n  font-size: 100%;\n}\n@media (min-width:850px) {\n  #text-box-2099492608 {\n    width: 67%;\n  }\n}\n<\/style>\n    <\/div>\n \n   <div id=\"text-box-1391503235\" class=\"text-box banner-layer x50 md-x50 lg-x50 y70 md-y85 lg-y10 res-text\">\n                                <div class=\"text-box-content text dark\">\n              \n              <div class=\"text-inner text-center\">\n                  \n<p><span style=\"font-size: 120%;\" data-line-height=\"l\"><\/p>\n<h1>Achat d&rsquo;or ancien<\/h1>\n<p><\/span><\/p>\n<p>Le vieil or d\u00e9signe les objets en or qui ne sont plus port\u00e9s et qui sont souvent d\u00e9mod\u00e9s. Lors de l&rsquo;achat de vieil or, le bl\u00e9 se s\u00e9pare de l&rsquo;ivraie en ce qui concerne le n\u00e9gociant. En cas de d\u00e9tection incorrecte de la teneur en or, aucune offre s\u00e9rieuse ne peut vous \u00eatre faite. Avec nous, vous n&rsquo;avez pas seulement le professionnalisme et le service \u00e0 la client\u00e8le, mais aussi notre exp\u00e9rience de plus de 50 ans.<\/p>\n              <\/div>\n           <\/div>\n                            \n<style>\n#text-box-1391503235 {\n  margin: 2px 0px 0px 0px;\n  width: 67%;\n}\n#text-box-1391503235 .text-inner {\n  padding: 0px 0px 0px 0px;\n}\n#text-box-1391503235 .text-box-content {\n  font-size: 100%;\n}\n@media (min-width:550px) {\n  #text-box-1391503235 {\n    width: 50%;\n  }\n}\n<\/style>\n    <\/div>\n \n        <\/div>\n      <\/div>\n\n            \n<style>\n#banner-1226686408 {\n  padding-top: 337px;\n}\n#banner-1226686408 .bg.bg-loaded {\n  background-image: url(https:\/\/uhrengalerie.ch\/wp-content\/uploads\/2019\/06\/Altgold-Schmelzgold-GoldundCo-Goldankauf-1024x952.jpg);\n}\n#banner-1226686408 .overlay {\n  background-color: rgba(157, 151, 59, 0.91);\n}\n<\/style>\n  <\/div>\n\n\n\n  <div class=\"banner has-hover\" id=\"banner-1710987037\">\n          <div class=\"banner-inner fill\">\n        <div class=\"banner-bg fill\" >\n            <div class=\"bg fill bg-fill \"><\/div>\n                                    \n                    <\/div>\n        <div class=\"banner-layers container\">\n            <div class=\"fill banner-link\"><\/div>            \n   <div id=\"text-box-2037445677\" class=\"text-box banner-layer x50 md-x50 lg-x50 y20 md-y20 lg-y20 res-text\">\n                                <div class=\"text-box-content text \">\n              \n              <div class=\"text-inner text-center\">\n                  \n<h3 class=\"H24MBl7M00NX\">Traitement rapide des achats d&rsquo;or ancien<\/h3>\n<p>Ne laissez pas vos vieux bijoux non port\u00e9s dans le tiroir. Nous achetons votre vieil or. <br \/>Les bijoux en or plus anciens passent souvent inaper\u00e7us et ne sont pas port\u00e9s dans le tiroir pendant des ann\u00e9es. Si vous \u00eates s\u00fbr de ne plus vouloir le porter, le vendre au prix du march\u00e9 est une alternative raisonnable. <\/p>\n<p>Les tests de laboratoire complets pour l&rsquo;achat sont effectu\u00e9s sous 1 jour ouvrable et vous recevrez imm\u00e9diatement votre offre d&rsquo;achat gratuite et sans engagement.<br \/>Si vous acceptez, vous recevrez imm\u00e9diatement un virement bancaire.\n<\/p>\n              <\/div>\n           <\/div>\n                            \n<style>\n#text-box-2037445677 {\n  width: 81%;\n}\n#text-box-2037445677 .text-box-content {\n  font-size: 100%;\n}\n<\/style>\n    <\/div>\n \n        <\/div>\n      <\/div>\n\n            \n<style>\n#banner-1710987037 {\n  padding-top: 306px;\n  background-color: rgb(255,255,255);\n}\n<\/style>\n  <\/div>\n\n\n\t<div id=\"gap-202075585\" class=\"gap-element clearfix\" style=\"display:block; height:auto;\">\n\t\t\n<style>\n#gap-202075585 {\n  padding-top: 55px;\n}\n<\/style>\n\t<\/div>\n\t\n<div class=\"row row-collapse row-full-width\"  id=\"row-123585837\">\n\n\t<div id=\"col-405078817\" class=\"col medium-6 small-12 large-6\"  >\n\t\t<div class=\"col-inner\"  >\n\t\t\t\n\t\t\t\n\n  <div class=\"banner has-hover\" id=\"banner-400008459\">\n          <div class=\"banner-inner fill\">\n        <div class=\"banner-bg fill\" >\n            <div class=\"bg fill bg-fill \"><\/div>\n                                    \n                    <\/div>\n        <div class=\"banner-layers container\">\n            <div class=\"fill banner-link\"><\/div>            \n        <\/div>\n      <\/div>\n\n            \n<style>\n#banner-400008459 {\n  padding-top: 320px;\n}\n#banner-400008459 .bg.bg-loaded {\n  background-image: url(https:\/\/uhrengalerie.ch\/wp-content\/uploads\/2019\/06\/Altgold-Schmelzgold-GoldundCo-Goldankauf-1024x952.jpg);\n}\n@media (min-width:550px) {\n  #banner-400008459 {\n    padding-top: 550px;\n  }\n}\n<\/style>\n  <\/div>\n\n\n\t\t<\/div>\n\t\t\t<\/div>\n\n\t\n\n\t<div id=\"col-464892497\" class=\"col medium-6 small-12 large-6\"  >\n\t\t<div class=\"col-inner\"  >\n\t\t\t\n\t\t\t\n\n  <div class=\"banner has-hover\" id=\"banner-1686992051\">\n          <div class=\"banner-inner fill\">\n        <div class=\"banner-bg fill\" >\n            <div class=\"bg fill bg-fill \"><\/div>\n                                    \n                    <\/div>\n        <div class=\"banner-layers container\">\n            <div class=\"fill banner-link\"><\/div>            \n   <div id=\"text-box-402105828\" class=\"text-box banner-layer x50 md-x50 lg-x50 y50 md-y50 lg-y50 res-text\">\n                                <div class=\"text-box-content text \">\n              \n              <div class=\"text-inner text-left\">\n                  \n<p><strong>Examens de laboratoire gratuits<\/strong><\/p>\n<h3 data-line-height=\"m\">Tous nos tests de laboratoire pour l&rsquo;achat de vieil or sont gratuits et sans engagement. <br \/>Notre offre d&rsquo;achat vous indiquera la valeur actuelle de vos bijoux ou or dentaire.<\/h3>\n\t<div id=\"gap-1208029835\" class=\"gap-element clearfix\" style=\"display:block; height:auto;\">\n\t\t\n<style>\n#gap-1208029835 {\n  padding-top: 20px;\n}\n<\/style>\n\t<\/div>\n\t\n\t<div id=\"gap-1302074399\" class=\"gap-element clearfix\" style=\"display:block; height:auto;\">\n\t\t\n<style>\n#gap-1302074399 {\n  padding-top: 10px;\n}\n<\/style>\n\t<\/div>\n\t\n              <\/div>\n           <\/div>\n                            \n<style>\n#text-box-402105828 {\n  width: 74%;\n}\n#text-box-402105828 .text-box-content {\n  font-size: 100%;\n}\n@media (min-width:550px) {\n  #text-box-402105828 {\n    width: 62%;\n  }\n}\n<\/style>\n    <\/div>\n \n        <\/div>\n      <\/div>\n\n            \n<style>\n#banner-1686992051 {\n  padding-top: 550px;\n  background-color: rgb(246, 246, 246);\n}\n<\/style>\n  <\/div>\n\n\n\t\t<\/div>\n\t\t\t<\/div>\n\n\t\n<\/div>\n\t<section class=\"section\" id=\"section_2128280813\">\n\t\t<div class=\"bg section-bg fill bg-fill  bg-loaded\" >\n\n\t\t\t\n\t\t\t\n\t\t\t\n\n\t\t<\/div>\n\n\t\t<div class=\"section-content relative\">\n\t\t\t\n\t<div id=\"gap-1298771207\" class=\"gap-element clearfix\" style=\"display:block; height:auto;\">\n\t\t\n<style>\n#gap-1298771207 {\n  padding-top: 50px;\n}\n<\/style>\n\t<\/div>\n\t\n<div class=\"row align-center\"  id=\"row-1871263963\">\n\n\t<div id=\"col-247040719\" class=\"col medium-9 small-12 large-9\"  >\n\t\t<div class=\"col-inner\"  >\n\t\t\t\n\t\t\t\n<div class=\"row align-center\"  id=\"row-1771463489\">\n\n\t<div id=\"col-1991237284\" class=\"col medium-6 small-10 large-6\"  >\n\t\t<div class=\"col-inner\"  >\n\t\t\t\n\t\t\t\n<h3><span id=\"Gewichtsbestimmung\" class=\"mw-headline\">Comment le prix d&rsquo;achat est-il calcul\u00e9 ?<\/span><\/h3>\n<h3>\u00a0<\/h3>\n<h3><span id=\"Berechnung_des_Wertes_und_Preisfindung_bei_Edelmetallen\" class=\"mw-headline\">Calcul de la valeur et de l&rsquo;\u00e9valuation des m\u00e9taux pr\u00e9cieux<\/span><\/h3>\n<p>La valeur de l&rsquo;or ancien est assujettie aux facteurs suivants :<\/p>\n\t\t<\/div>\n\t\t\t<\/div>\n\n\t\n\n\t<div id=\"col-946724015\" class=\"col medium-6 small-10 large-6\"  >\n\t\t<div class=\"col-inner\"  >\n\t\t\t\n\t\t\t\n\t<div id=\"gap-544151126\" class=\"gap-element clearfix\" style=\"display:block; height:auto;\">\n\t\t\n<style>\n#gap-544151126 {\n  padding-top: 15px;\n}\n<\/style>\n\t<\/div>\n\t\n<ol>\n<li>Finesse de la pi\u00e8ce (carat)<\/li>\n<li>Poids de la pi\u00e8ce moins les pi\u00e8ces non pr\u00e9cieuses (pierres, m\u00e9taux \u00e9trangers, salissures)<\/li>\n<li>Cours des m\u00e9taux pr\u00e9cieux en bourse<\/li>\n<li>Remise du trader sur le cours d&rsquo;\u00e9change (marge commerciale)<\/li>\n<\/ol>\n\t<div id=\"gap-1150925169\" class=\"gap-element clearfix\" style=\"display:block; height:auto;\">\n\t\t\n<style>\n#gap-1150925169 {\n  padding-top: 20px;\n}\n<\/style>\n\t<\/div>\n\t\n\t<div id=\"gap-1568418942\" class=\"gap-element clearfix\" style=\"display:block; height:auto;\">\n\t\t\n<style>\n#gap-1568418942 {\n  padding-top: 20px;\n}\n<\/style>\n\t<\/div>\n\t\n\t\t<\/div>\n\t\t\t<\/div>\n\n\t\n<\/div>\n<p>L&rsquo;or ou le vieil or ne sera jamais sans valeur, ou perdra compl\u00e8tement sa valeur.<\/p>\n<p>><\/p>\n<p> Assurez-vous que vous vendez des bijoux avec des pierres sp\u00e9ciales comme pi\u00e8ces uniques. De cette fa\u00e7on, vous devez faire plus attention aux pierres ou \u00e0 l&rsquo;ensemble du bijou, car dans certains cas, le bijou vaut plus que la partie en or pur.<\/p>\n<p>Si vous voulez vendre de plus grandes quantit\u00e9s de vieil or, assurez-vous de vendre vos bijoux en plus petites quantit\u00e9s, car les marchands douteux aiment souvent faire baisser un peu le prix avec un taux fixe pour l&rsquo;ensemble du bijou.<\/p>\n<p>La finesse indique la quantit\u00e9 de m\u00e9tal pr\u00e9cieux dans l&rsquo;alliage en parties de mille (pour mille \u2030). Ainsi, 1000 g d&rsquo;un alliage 18 carats contiennent par exemple 750 g d&rsquo;or fin, soit 75% ou 750 \u2030.<\/p>\n<p>.<\/p>\n<p>Les finesses communes\/finesses communes pour les bijoux sont:<\/p>\n<p>Finesse commune pour les bijoux.<\/p>\n<ul>\n<li>Gold 916 (22\u00a0Karat)<\/li>\n<li>Gold 750 (18\u00a0Karat)<\/li>\n<li>Gold 585 (14\u00a0Karat)(correct serait 583,5, mais g\u00e9n\u00e9ralement ponctu\u00e9 est 585)<\/li>\n<li>Gold 375 (9\u00a0Karat)<\/li>\n<li>Gold 333 (8\u00a0Karat)<\/li>\n<\/ul>\n<p>Un concessionnaire calcule la valeur du nombre de carats respectif comme suit : Prix de l&rsquo;or en grammes x (finesse\/1000) &#8211; Marge commerciale <\/p>\n<p>.<\/p>\n<p>Bruchgold en or fin n\u00e9cessite encore un processus complexe de traitement ult\u00e9rieur, dans la s\u00e9paration des m\u00e9taux pr\u00e9cieux. Par cons\u00e9quent, des rabais de 15 \u00e0 20 % sur le cours de bourse pour la transformation et le recyclage sont justifi\u00e9s et s\u00e9rieux.\u00a0 (<a href=\"https:\/\/wikipedia.org\">Wikipedia<\/a>)<\/p>\n\t\t<\/div>\n\t\t\t<\/div>\n\n\t\n<\/div>\n\t\t<\/div>\n\n\t\t\n<style>\n#section_2128280813 {\n  padding-top: 16px;\n  padding-bottom: 16px;\n  background-color: rgb(255,255,255);\n}\n@media (min-width:550px) {\n  #section_2128280813 {\n    padding-top: 95px;\n    padding-bottom: 95px;\n  }\n}\n<\/style>\n\t<\/section>\n\t\n","protected":false},"excerpt":{"rendered":"","protected":false},"author":2,"featured_media":0,"parent":291,"menu_order":0,"comment_status":"closed","ping_status":"closed","template":"","meta":[],"yoast_head":"<!-- This site is optimized with the Yoast SEO plugin v18.4.1 - https:\/\/yoast.com\/wordpress\/plugins\/seo\/ -->\n<title>Achat d&#039;or ancien - paiement imm\u00e9diat - uhrengalerie.ch<\/title>\n<meta name=\"description\" content=\"Altgold bezeichnet die Dinge aus Gold welche nicht mehr getragen werden, oder aus der Mode gekommen sind. Der Altgold Ankauf wird sofort vor Ort bezahlt.\" \/>\n<meta name=\"robots\" content=\"index, follow, max-snippet:-1, max-image-preview:large, max-video-preview:-1\" \/>\n<link rel=\"canonical\" href=\"https:\/\/uhrengalerie.ch\/fr\/achat\/altgold-ankauf-sofortauszahlung\/\" \/>\n<meta property=\"og:locale\" content=\"fr_FR\" \/>\n<meta property=\"og:type\" content=\"article\" \/>\n<meta property=\"og:title\" content=\"Achat d&#039;or ancien - paiement imm\u00e9diat - uhrengalerie.ch\" \/>\n<meta property=\"og:description\" content=\"Altgold bezeichnet die Dinge aus Gold welche nicht mehr getragen werden, oder aus der Mode gekommen sind. Der Altgold Ankauf wird sofort vor Ort bezahlt.\" \/>\n<meta property=\"og:url\" content=\"https:\/\/uhrengalerie.ch\/fr\/achat\/altgold-ankauf-sofortauszahlung\/\" \/>\n<meta property=\"og:site_name\" content=\"uhrengalerie.ch\" \/>\n<meta property=\"article:modified_time\" content=\"2019-07-04T19:54:09+00:00\" \/>\n<meta name=\"twitter:card\" content=\"summary_large_image\" \/>\n<meta name=\"twitter:label1\" content=\"Dur\u00e9e de lecture estim\u00e9e\" \/>\n\t<meta name=\"twitter:data1\" content=\"4 minutes\" \/>\n<script type=\"application\/ld+json\" class=\"yoast-schema-graph\">{\"@context\":\"https:\/\/schema.org\",\"@graph\":[{\"@type\":\"Organization\",\"@id\":\"https:\/\/uhrengalerie.ch\/#organization\",\"name\":\"Uhrengalerie\",\"url\":\"https:\/\/uhrengalerie.ch\/\",\"sameAs\":[],\"logo\":{\"@type\":\"ImageObject\",\"@id\":\"https:\/\/uhrengalerie.ch\/#logo\",\"inLanguage\":\"fr-FR\",\"url\":\"https:\/\/uhrengalerie.ch\/wp-content\/uploads\/2019\/04\/UHRENGALERIE121.png\",\"contentUrl\":\"https:\/\/uhrengalerie.ch\/wp-content\/uploads\/2019\/04\/UHRENGALERIE121.png\",\"width\":500,\"height\":117,\"caption\":\"Uhrengalerie\"},\"image\":{\"@id\":\"https:\/\/uhrengalerie.ch\/#logo\"}},{\"@type\":\"WebSite\",\"@id\":\"https:\/\/uhrengalerie.ch\/#website\",\"url\":\"https:\/\/uhrengalerie.ch\/\",\"name\":\"uhrengalerie.ch\",\"description\":\"Ankauf von Gold, Uhren und Schmuck\",\"publisher\":{\"@id\":\"https:\/\/uhrengalerie.ch\/#organization\"},\"potentialAction\":[{\"@type\":\"SearchAction\",\"target\":{\"@type\":\"EntryPoint\",\"urlTemplate\":\"https:\/\/uhrengalerie.ch\/?s={search_term_string}\"},\"query-input\":\"required name=search_term_string\"}],\"inLanguage\":\"fr-FR\"},{\"@type\":\"WebPage\",\"@id\":\"https:\/\/uhrengalerie.ch\/fr\/achat\/altgold-ankauf-sofortauszahlung\/#webpage\",\"url\":\"https:\/\/uhrengalerie.ch\/fr\/achat\/altgold-ankauf-sofortauszahlung\/\",\"name\":\"Achat d'or ancien - paiement imm\u00e9diat - uhrengalerie.ch\",\"isPartOf\":{\"@id\":\"https:\/\/uhrengalerie.ch\/#website\"},\"datePublished\":\"2019-06-20T09:33:21+00:00\",\"dateModified\":\"2019-07-04T19:54:09+00:00\",\"description\":\"Altgold bezeichnet die Dinge aus Gold welche nicht mehr getragen werden, oder aus der Mode gekommen sind. Der Altgold Ankauf wird sofort vor Ort bezahlt.\",\"breadcrumb\":{\"@id\":\"https:\/\/uhrengalerie.ch\/fr\/achat\/altgold-ankauf-sofortauszahlung\/#breadcrumb\"},\"inLanguage\":\"fr-FR\",\"potentialAction\":[{\"@type\":\"ReadAction\",\"target\":[\"https:\/\/uhrengalerie.ch\/fr\/achat\/altgold-ankauf-sofortauszahlung\/\"]}]},{\"@type\":\"BreadcrumbList\",\"@id\":\"https:\/\/uhrengalerie.ch\/fr\/achat\/altgold-ankauf-sofortauszahlung\/#breadcrumb\",\"itemListElement\":[{\"@type\":\"ListItem\",\"position\":1,\"name\":\"Startseite\",\"item\":\"https:\/\/uhrengalerie.ch\/fr\/\"},{\"@type\":\"ListItem\",\"position\":2,\"name\":\"L&rsquo;achat\",\"item\":\"https:\/\/uhrengalerie.ch\/fr\/achat\/\"},{\"@type\":\"ListItem\",\"position\":3,\"name\":\"Achat d&rsquo;or ancien &#8211; paiement imm\u00e9diat\"}]}]}<\/script>\n<!-- \/ Yoast SEO plugin. -->","yoast_head_json":{"title":"Achat d'or ancien - paiement imm\u00e9diat - uhrengalerie.ch","description":"Altgold bezeichnet die Dinge aus Gold welche nicht mehr getragen werden, oder aus der Mode gekommen sind. Der Altgold Ankauf wird sofort vor Ort bezahlt.","robots":{"index":"index","follow":"follow","max-snippet":"max-snippet:-1","max-image-preview":"max-image-preview:large","max-video-preview":"max-video-preview:-1"},"canonical":"https:\/\/uhrengalerie.ch\/fr\/achat\/altgold-ankauf-sofortauszahlung\/","og_locale":"fr_FR","og_type":"article","og_title":"Achat d'or ancien - paiement imm\u00e9diat - uhrengalerie.ch","og_description":"Altgold bezeichnet die Dinge aus Gold welche nicht mehr getragen werden, oder aus der Mode gekommen sind. Der Altgold Ankauf wird sofort vor Ort bezahlt.","og_url":"https:\/\/uhrengalerie.ch\/fr\/achat\/altgold-ankauf-sofortauszahlung\/","og_site_name":"uhrengalerie.ch","article_modified_time":"2019-07-04T19:54:09+00:00","twitter_card":"summary_large_image","twitter_misc":{"Dur\u00e9e de lecture estim\u00e9e":"4 minutes"},"schema":{"@context":"https:\/\/schema.org","@graph":[{"@type":"Organization","@id":"https:\/\/uhrengalerie.ch\/#organization","name":"Uhrengalerie","url":"https:\/\/uhrengalerie.ch\/","sameAs":[],"logo":{"@type":"ImageObject","@id":"https:\/\/uhrengalerie.ch\/#logo","inLanguage":"fr-FR","url":"https:\/\/uhrengalerie.ch\/wp-content\/uploads\/2019\/04\/UHRENGALERIE121.png","contentUrl":"https:\/\/uhrengalerie.ch\/wp-content\/uploads\/2019\/04\/UHRENGALERIE121.png","width":500,"height":117,"caption":"Uhrengalerie"},"image":{"@id":"https:\/\/uhrengalerie.ch\/#logo"}},{"@type":"WebSite","@id":"https:\/\/uhrengalerie.ch\/#website","url":"https:\/\/uhrengalerie.ch\/","name":"uhrengalerie.ch","description":"Ankauf von Gold, Uhren und Schmuck","publisher":{"@id":"https:\/\/uhrengalerie.ch\/#organization"},"potentialAction":[{"@type":"SearchAction","target":{"@type":"EntryPoint","urlTemplate":"https:\/\/uhrengalerie.ch\/?s={search_term_string}"},"query-input":"required name=search_term_string"}],"inLanguage":"fr-FR"},{"@type":"WebPage","@id":"https:\/\/uhrengalerie.ch\/fr\/achat\/altgold-ankauf-sofortauszahlung\/#webpage","url":"https:\/\/uhrengalerie.ch\/fr\/achat\/altgold-ankauf-sofortauszahlung\/","name":"Achat d'or ancien - paiement imm\u00e9diat - uhrengalerie.ch","isPartOf":{"@id":"https:\/\/uhrengalerie.ch\/#website"},"datePublished":"2019-06-20T09:33:21+00:00","dateModified":"2019-07-04T19:54:09+00:00","description":"Altgold bezeichnet die Dinge aus Gold welche nicht mehr getragen werden, oder aus der Mode gekommen sind. Der Altgold Ankauf wird sofort vor Ort bezahlt.","breadcrumb":{"@id":"https:\/\/uhrengalerie.ch\/fr\/achat\/altgold-ankauf-sofortauszahlung\/#breadcrumb"},"inLanguage":"fr-FR","potentialAction":[{"@type":"ReadAction","target":["https:\/\/uhrengalerie.ch\/fr\/achat\/altgold-ankauf-sofortauszahlung\/"]}]},{"@type":"BreadcrumbList","@id":"https:\/\/uhrengalerie.ch\/fr\/achat\/altgold-ankauf-sofortauszahlung\/#breadcrumb","itemListElement":[{"@type":"ListItem","position":1,"name":"Startseite","item":"https:\/\/uhrengalerie.ch\/fr\/"},{"@type":"ListItem","position":2,"name":"L&rsquo;achat","item":"https:\/\/uhrengalerie.ch\/fr\/achat\/"},{"@type":"ListItem","position":3,"name":"Achat d&rsquo;or ancien &#8211; paiement imm\u00e9diat"}]}]}},"_links":{"self":[{"href":"https:\/\/uhrengalerie.ch\/fr\/wp-json\/wp\/v2\/pages\/687"}],"collection":[{"href":"https:\/\/uhrengalerie.ch\/fr\/wp-json\/wp\/v2\/pages"}],"about":[{"href":"https:\/\/uhrengalerie.ch\/fr\/wp-json\/wp\/v2\/types\/page"}],"author":[{"embeddable":true,"href":"https:\/\/uhrengalerie.ch\/fr\/wp-json\/wp\/v2\/users\/2"}],"replies":[{"embeddable":true,"href":"https:\/\/uhrengalerie.ch\/fr\/wp-json\/wp\/v2\/comments?post=687"}],"version-history":[{"count":3,"href":"https:\/\/uhrengalerie.ch\/fr\/wp-json\/wp\/v2\/pages\/687\/revisions"}],"predecessor-version":[{"id":690,"href":"https:\/\/uhrengalerie.ch\/fr\/wp-json\/wp\/v2\/pages\/687\/revisions\/690"}],"up":[{"embeddable":true,"href":"https:\/\/uhrengalerie.ch\/fr\/wp-json\/wp\/v2\/pages\/291"}],"wp:attachment":[{"href":"https:\/\/uhrengalerie.ch\/fr\/wp-json\/wp\/v2\/media?parent=687"}],"curies":[{"name":"wp","href":"https:\/\/api.w.org\/{rel}","templated":true}]}}